{"id":79,"date":"2026-03-07T21:44:41","date_gmt":"2026-03-07T21:44:41","guid":{"rendered":"https:\/\/cadetsvalleyfield.ca\/web\/?page_id=79"},"modified":"2026-03-07T22:04:31","modified_gmt":"2026-03-07T22:04:31","slug":"instruction","status":"publish","type":"page","link":"https:\/\/cadetsvalleyfield.ca\/web\/instruction\/","title":{"rendered":"Instruction"},"content":{"rendered":"<p><strong>Le programme\u00a0des cadets visent \u00e0 encourager les jeunes de 12 \u00e0 18 ans \u00e0 devenir des citoyens actifs et responsables au sein de leur communaut\u00e9, de d\u00e9velopper chez eux les qualit\u00e9s de civisme et de leadership, de promouvoir la forme physique et de stimuler leur int\u00e9r\u00eat pour les activit\u00e9s sportives.<\/strong><\/p>\n<p><strong>Le programme du corps de cadets se compose des activit\u00e9s bien \u00e9tablies des cadets de l&rsquo;arm\u00e9e \u00e9num\u00e9r\u00e9es ci-dessous :<\/strong><\/p>\n<ul>\n<li>exp\u00e9ditions,<\/li>\n<li>navigation,<\/li>\n<li>randonn\u00e9e en montagne,<\/li>\n<li>survie en milieu sauvage,<\/li>\n<li>leadership de plein air,<\/li>\n<li>entra\u00eenement aventurier,<\/li>\n<li>familiarisation avec les milieux du plein air civils,<\/li>\n<li>connaissances g\u00e9n\u00e9rales des cadets,<\/li>\n<li>exercice militaire et c\u00e9r\u00e9monial,<\/li>\n<li>leadership,<\/li>\n<li>techniques d&rsquo;instruction,<\/li>\n<li>service communautaire,<\/li>\n<li>voyages \u00e0 but culturel et \u00e9ducatif,<\/li>\n<li>civisme,<\/li>\n<li>bonne forme physique et mode de vie saine,<\/li>\n<li>sports r\u00e9cr\u00e9atifs,<\/li>\n<li>tir de pr\u00e9cision, carabine \u00e0 air comprim\u00e9,<\/li>\n<li>biathlon,<\/li>\n<li>musique, musique militaire, et<\/li>\n<li>formation sur les relations sociales positives pour la jeunesse.<\/li>\n<\/ul>\n\n\n<div style=\"height:72px\" aria-hidden=\"true\" class=\"wp-block-spacer\"><\/div>\n\n\n\n<div class=\"wp-block-buttons is-content-justification-center is-layout-flex wp-container-core-buttons-is-layout-72caf8c6 wp-block-buttons-is-layout-flex\">\n<div class=\"wp-block-button\"><a class=\"wp-block-button__link wp-element-button\" href=\"https:\/\/inscription.cadets.gc.ca\/demarrer.html\" target=\"_blank\" rel=\"noreferrer noopener\">S&rsquo;inscrire<\/a><\/div>\n<\/div>\n","protected":false},"excerpt":{"rendered":"<p>Le programme\u00a0des cadets visent \u00e0 encourager les jeunes de 12 \u00e0 18 ans \u00e0 devenir des citoyens actifs et responsables au sein de leur communaut\u00e9, de d\u00e9velopper chez eux les qualit\u00e9s de civisme et de leadership, de promouvoir la forme physique et de stimuler leur int\u00e9r\u00eat pour les activit\u00e9s sportives. Le programme du corps de [&hellip;]<\/p>\n","protected":false},"author":1,"featured_media":0,"parent":0,"menu_order":0,"comment_status":"closed","ping_status":"open","template":"","meta":{"pagelayer_contact_templates":[],"_pagelayer_content":"","footnotes":""},"class_list":["post-79","page","type-page","status-publish","hentry"],"_links":{"self":[{"href":"https:\/\/cadetsvalleyfield.ca\/web\/wp-json\/wp\/v2\/pages\/79","targetHints":{"allow":["GET"]}}],"collection":[{"href":"https:\/\/cadetsvalleyfield.ca\/web\/wp-json\/wp\/v2\/pages"}],"about":[{"href":"https:\/\/cadetsvalleyfield.ca\/web\/wp-json\/wp\/v2\/types\/page"}],"author":[{"embeddable":true,"href":"https:\/\/cadetsvalleyfield.ca\/web\/wp-json\/wp\/v2\/users\/1"}],"replies":[{"embeddable":true,"href":"https:\/\/cadetsvalleyfield.ca\/web\/wp-json\/wp\/v2\/comments?post=79"}],"version-history":[{"count":5,"href":"https:\/\/cadetsvalleyfield.ca\/web\/wp-json\/wp\/v2\/pages\/79\/revisions"}],"predecessor-version":[{"id":84,"href":"https:\/\/cadetsvalleyfield.ca\/web\/wp-json\/wp\/v2\/pages\/79\/revisions\/84"}],"wp:attachment":[{"href":"https:\/\/cadetsvalleyfield.ca\/web\/wp-json\/wp\/v2\/media?parent=79"}],"curies":[{"name":"wp","href":"https:\/\/api.w.org\/{rel}","templated":true}]}}