{"id":16,"date":"2026-03-07T21:40:11","date_gmt":"2026-03-07T21:40:11","guid":{"rendered":"https:\/\/cadetsvalleyfield.ca\/web\/?page_id=16"},"modified":"2026-03-07T21:41:17","modified_gmt":"2026-03-07T21:41:17","slug":"historique","status":"publish","type":"page","link":"https:\/\/cadetsvalleyfield.ca\/web\/historique\/","title":{"rendered":"Historique du CC2425"},"content":{"rendered":"<p><strong>12 D\u00c9CEMBRE 1951<\/strong><\/p>\n<p>C&rsquo;est au Coll\u00e8ge St-Viateur de Beauharnois le 12 d\u00e9cembre 1951 que le Corps de Cadets 2425 de Beauharnois voit le jour avec 51 cadets. Monsieur Antoine Ste-Marie, alors professeur \u00e0 ce coll\u00e8ge fonda le Corps de Cadets dans le but de donner une chance aux coll\u00e9giens de participer \u00e0 des activit\u00e9s d&rsquo;\u00e9ducation physique et de sports, principal but du mouvement \u00e0 cette \u00e9poque. L\u2019unit\u00e9 d\u2019affiliation du Corps de Cadets est le 61\u00e8 R\u00e9giment d&rsquo;Artillerie L\u00e9g\u00e8re jusqu&rsquo;\u00e0 la fin des ann\u00e9es 50. Son r\u00e9pondant est la Chambre de commerce des jeunes de Beauharnois jusqu&rsquo;en 1966.<\/p>\n<p><strong>1956\u00a0<\/strong><\/p>\n<p>C\u2019est en 1956, r\u00e9pondant \u00e0 la demande Campivalensienne, que le Capitaine Ste-Marie d\u00e9m\u00e9nage le 2425 \u00e0 Valleyfield et l&rsquo;installe au camp militaire de la rue \u00c9llice. \u00c0 la fin des ann\u00e9es 50, la nouvelle unit\u00e9 d\u2019affiliation du Corps de Cadets est le 4e Bataillon du Royal 22e R\u00e9giment. En 1960, \u00e0 cause de la fermeture du camp militaire, le cc2425 d\u00e9m\u00e9nage dans les locaux de la compagnie D du 4eBataillon R22eR (Ch\u00e2teauguay) au man\u00e8ge de la rue Grande-Ile.<\/p>\n<p><strong>1970<\/strong><\/p>\n<p>En 1970, l&rsquo;unit\u00e9 de milice doit fermer ses portes et le 2425 emm\u00e9nage temporairement au centre Notre-Dame de Bellerive avant de s\u2019installer \u00e0 l\u2019\u00e9cole Edgar-H\u00e9bert \u00e0 l\u2019automne de la m\u00eame ann\u00e9e. Maintenant mieux install\u00e9, le Capitaine Simard s&rsquo;entoure d&rsquo;une solide \u00e9quipe. Sous la f\u00e9rule du Lieutenant Pierre Gagnier, l&rsquo;entra\u00eenement s&rsquo;organise. Le nombre d&rsquo;exercices augmente, la planification et la qualit\u00e9 de l&rsquo;instruction s&rsquo;am\u00e9liorent. En 1975, on ajoute une deuxi\u00e8me soir\u00e9e d&rsquo;activit\u00e9s, puis en 1976 le dimanche vient compl\u00e9ter le programme hebdomadaire d&rsquo;entra\u00eenement. Les premi\u00e8res campagnes de financement permettront d&rsquo;ajouter des sorties et divers \u00e9quipements. Les filles joignent le mouvement des cadets en 1975 ajoutant ainsi un peloton de filles qui est command\u00e9 par le Cdt\/Lt Serge Leduc.<\/p>\n<p>Les cadets continuent leur progression vers l&rsquo;excellence, et participent de plus en plus \u00e0 des exercices inter-\u00e9l\u00e9ment et \u00e0 diverses comp\u00e9titions; secourisme, entra\u00eenement aventurier estival et hivernal, Mini Olympiades, tir et exercice militaire. Les r\u00e9sultats sont excellents et les nombreux troph\u00e9es meublent leurs tablettes! En 1984, le Major Simard remet son commandement au Capitaine Serge Leduc qui, par son travail et sa minutie, am\u00e9liore l&rsquo;administration et donne une \u00ab\u00a0m\u00e9moire\u00a0\u00bb et de nouvelles m\u00e9thodes de fonctionnement \u00e0 l&rsquo;unit\u00e9. Le cc2425 a remport\u00e9 le troph\u00e9e STRATHCONA (#1 au Qu\u00e9bec) en 79, 82, 83, 84, 85,86.<\/p>\n<p><strong>1990<\/strong><\/p>\n<p>Au cours des ann\u00e9es 90, le Major Fran\u00e7ois Gagnier, le Major Roger Tessier, le Capitaine Fran\u00e7ois Dion et le Capitaine Marie-Claude Larouche assumeront \u00e0 tour de r\u00f4le le commandement de l\u2019unit\u00e9. Soulignons la venue des Mini-Olympiades des cadets \u00e0 Valleyfield au printemps de 1996. Depuis, nous avons re\u00e7u les Mini Olympiades \u00e0 tous les ans depuis 1998 jusqu\u2019\u00e0 sa derni\u00e8re \u00e9dition en 2011.<\/p>\n<p><strong>1999<\/strong><\/p>\n<p>En 1999, c\u2019est le Capitaine Daniel Melanson qui commande le corps de cadets 2425. Il compte une cinquantaine de jeunes et continue \u00e0 offrir des d\u00e9fis et repr\u00e9sente fi\u00e8rement la ville et la r\u00e9gion de Valleyfield dans plusieurs comp\u00e9titions. Il prend \u00e9galement la nouvelle orientation des Cadets de l\u2019Arm\u00e9e qui favorise les sports d\u2019aventure et les exp\u00e9ditions. \u00c0 cet effet, 10 cadets du Corps de Cadets participent \u00e0 une exp\u00e9dition au Mont Washington au mois de mars 2000.<\/p>\n<p>\u200b<\/p>\n<p>\u200b<strong>2000-2001<\/strong><\/p>\n<p>En 2000-2001, le Corps de Cadets 2425 Salaberry-de-Valleyfield c\u00e9l\u00e8bre fi\u00e8rement son 50e anniversaire, en collaboration avec ses anciens et sous la pr\u00e9sidence d\u2019honneur du Maire de Salaberry-de-Valleyfield, M. Denis Lapointe. \u00c0 cette occasion l\u2019unit\u00e9 re\u00e7oit plus d\u2019une centaine d\u2019anciens lors de sa Revue Annuelle. L\u2019ann\u00e9e se termine sur une excellente note sur les camps d\u2019\u00e9t\u00e9 avec plusieurs nominations et positions sur les parades de graduation des Centres d\u2019instruction. \u00c0 cela s\u2019ajoute la M\u00e9daille pour le meilleur cadet cadre remise \u00e0 l\u2019adjuc Philippe Aub\u00e9 et le troph\u00e9e de la meilleure cadette du Centre remise \u00e0 l\u2019Adj. Marie-\u00cave Roy au CIECA des Montagnes Rocheuses.<\/p>\n<p>\u200b<\/p>\n<p><strong>2004<\/strong><\/p>\n<p>Apr\u00e8s le d\u00e9part du capitaine Daniel Melanson, plusieurs commandants se sont succ\u00e9d\u00e9s pour continuer le travail; le capitaine Claude Vall\u00e9e, le major Serge Leduc CD, le major Marie-Claude Larouche CD, le capitaine Manon Potvin et tout r\u00e9cemment en poste, le capitaine M\u00e9lissa Fortier. La derni\u00e8re d\u00e9cennie ne fait pas exception des autres. En effet, le cc2425 continue sa constante \u00e9volution par ses succ\u00e8s, innovation et changement. Entre autre, notons le d\u00e9m\u00e9nagement des locaux de l\u2019administration en 2003 qui sont maintenant au sous-sol, plus proche des jeunes et de l\u2019action. Un autre changement majeur est sans doute le nouveau r\u00e9pondant \u00e9tant maintenant la CEZinc. Une belle collaboration marquera cette nouvelle association.<\/p>\n<p>\u200b<\/p>\n<p><strong>2010<\/strong><\/p>\n<p>Le programme d\u2019instruction a \u00e9galement \u00e9volu\u00e9 et fait une cure de rajeunissement, pr\u00e9sentant cette fois un programme bas\u00e9 sur cinq ann\u00e9es. Nous en sommes pr\u00e9sentement \u00e0 la quatri\u00e8me ann\u00e9e de ce nouveau programme qui se veut une restructuration tant au niveau de l\u2019instruction dans les unit\u00e9s que sur les centres d\u2019instruction estivaux. C\u00f4t\u00e9 sportif, une comp\u00e9tition par r\u00e9gion a \u00e9t\u00e9 mise sur pied par le d\u00e9tachement des cadets en 2010; il s\u2019agit des jeux des cadets, qui par ricochet, entra\u00eeneront la disparition des mini Olympiades.<\/p>\n<p>\u200b<\/p>\n<p>Des succ\u00e8s, il y en a eu encore dans ces derniers dix ans. Des troph\u00e9es au d\u00e9fi Rawdon, des m\u00e9dailles en sports, du succ\u00e8s aux comp\u00e9titions de peloton de pr\u00e9cision, de musique et de tir. Notons \u00e9galement la participation \u00e0 la comp\u00e9tition nationale de tir. Mais au-del\u00e0 des succ\u00e8s d\u2019\u00e9quipe, il y a eu \u00e9galement des succ\u00e8s individuel; un cadet commandant du camp des cadets de Cap-Chat en 2003 (camp qui est aujourd&rsquo;hui ferm\u00e9) du nom de Marie-\u00c8ve Roy, un cadet commandant du camp des cadets de Valcartier en 2005 du nom de Maxime Bourdages, des m\u00e9dailles d\u2019Anavet pour les cadets Philippe Aub\u00e9 et Karl St-Pierre en 2010. Des camps exceptionnels tels qu\u2019un \u00e9change en \u00c9cosse pour Alexandre Tessier, en Allemagne pour Philippe Aub\u00e9 et Maxime Bourdages, en Cor\u00e9e du Sud pour Anne-Andr\u00e9 Gagnier et en Australie pour Caroline Gagnier. Nous pouvons aussi mentionner le programme d\u2019exp\u00e9ditions qui a permis \u00e0 Marie-Eve Roy d\u2019explorer Yellowkinfe en 2003 et prochainement, Karl St-Pierre qui participera \u00e0 l\u2019exp\u00e9dition internationale en Islande. Il y a eu des joies, mais il y a eu des peines aussi. Le corps de cadets pleurera deux de ces officiers, soit le major Raymond Simard CD et le capitaine Viateur Cardinal, tous deux d\u00e9c\u00e9d\u00e9s durant les derni\u00e8res ann\u00e9es.<\/p>\n<p>\u200b<\/p>\n<p>Dans les derni\u00e8res ann\u00e9es, le cc2425 continue d\u2019innover. Entre autre, nous avons \u00e9t\u00e9 le premier corps de cadets \u00e0 pr\u00e9senter une chor\u00e9graphie de peloton de pr\u00e9cision avec musique, ce qui a fait notre marque. Nous avons pr\u00e9sent\u00e9 un c\u00e9r\u00e9monial conjoint en 2011 r\u00e9unissant les quatre corps de cadets de Valleyfield, soit la ligue navale, la marine, l\u2019aviation et les cadets de terre. Il en f\u00fbt de m\u00eame pour la musique qui, en 2010 et 2011 \u00e9tait conjointe avec les trois \u00e9l\u00e9ments. Et que dire du nouveau projet, celui des capsules R\u00e9tro, qui consiste en une capsule vid\u00e9o de cinq minutes qui r\u00e9sume une p\u00e9riode d\u2019instruction, pour permettre \u00e0 certain cadets de rattraper un retard, une id\u00e9e originale de l\u2019adjum Karl St-Pierre.<\/p>\n<p>\u200b<\/p>\n<p>Plus de 60 ann\u00e9es se sont \u00e9coul\u00e9es, mais certaines choses restent les m\u00eames; l\u2019entraide, le respect, l\u2019amiti\u00e9, le surpassement de soi, le d\u00e9fi, le sentiment d\u2019appartenance et les traditions n\u2019en sont qu\u2019une petite partie. Et que dire de la chance d\u2019avoir le support exceptionnel de la ville de Salaberry-de-Valleyfield et de son maire, M Denis Lapointe! Mais une fiert\u00e9 que peu de corps de cadets peuvent encore avoir aujourd\u2019hui, c\u2019est de pouvoir encore compter sur la pr\u00e9sence de son fondateur M. Ste-Marie qui, m\u00eame apr\u00e8s 60 ans, reste pr\u00e9sent et garde en son c\u0153ur une place pour le cc2425.<\/p>\n","protected":false},"excerpt":{"rendered":"<p>12 D\u00c9CEMBRE 1951 C&rsquo;est au Coll\u00e8ge St-Viateur de Beauharnois le 12 d\u00e9cembre 1951 que le Corps de Cadets 2425 de Beauharnois voit le jour avec 51 cadets. Monsieur Antoine Ste-Marie, alors professeur \u00e0 ce coll\u00e8ge fonda le Corps de Cadets dans le but de donner une chance aux coll\u00e9giens de participer \u00e0 des activit\u00e9s d&rsquo;\u00e9ducation [&hellip;]<\/p>\n","protected":false},"author":1,"featured_media":0,"parent":0,"menu_order":0,"comment_status":"closed","ping_status":"closed","template":"","meta":{"pagelayer_contact_templates":[],"_pagelayer_content":"","footnotes":""},"class_list":["post-16","page","type-page","status-publish","hentry"],"_links":{"self":[{"href":"https:\/\/cadetsvalleyfield.ca\/web\/wp-json\/wp\/v2\/pages\/16","targetHints":{"allow":["GET"]}}],"collection":[{"href":"https:\/\/cadetsvalleyfield.ca\/web\/wp-json\/wp\/v2\/pages"}],"about":[{"href":"https:\/\/cadetsvalleyfield.ca\/web\/wp-json\/wp\/v2\/types\/page"}],"author":[{"embeddable":true,"href":"https:\/\/cadetsvalleyfield.ca\/web\/wp-json\/wp\/v2\/users\/1"}],"replies":[{"embeddable":true,"href":"https:\/\/cadetsvalleyfield.ca\/web\/wp-json\/wp\/v2\/comments?post=16"}],"version-history":[{"count":2,"href":"https:\/\/cadetsvalleyfield.ca\/web\/wp-json\/wp\/v2\/pages\/16\/revisions"}],"predecessor-version":[{"id":77,"href":"https:\/\/cadetsvalleyfield.ca\/web\/wp-json\/wp\/v2\/pages\/16\/revisions\/77"}],"wp:attachment":[{"href":"https:\/\/cadetsvalleyfield.ca\/web\/wp-json\/wp\/v2\/media?parent=16"}],"curies":[{"name":"wp","href":"https:\/\/api.w.org\/{rel}","templated":true}]}}